{"id":1265,"date":"2017-03-08T03:48:05","date_gmt":"2017-03-08T03:48:05","guid":{"rendered":"https:\/\/ninetheme.com\/themes\/honshi\/?page_id=2"},"modified":"2024-07-04T13:39:20","modified_gmt":"2024-07-04T13:39:20","slug":"about-2","status":"publish","type":"page","link":"https:\/\/renard.hu\/","title":{"rendered":"Home"},"content":{"rendered":"<div class=\"wpb-content-wrapper\"><p>[vc_row full_width=&#8221;stretch_row_content_no_spaces&#8221; el_id=&#8221;home&#8221;][vc_column 0=&#8221;&#8221;]<section id=\"hero\" class=\"hero-fullscreen parallax\"><div class=\"background-image\"><img decoding=\"async\" src=\"https:\/\/renard.hu\/wp-content\/uploads\/2024\/05\/IMG_5710.jpg\" alt=\"IMG_5710.jpg\"><\/div><div class=\"hero-content\"><div class=\"container text-center white\"><div class=\"m-auto\"><\/p>\n<h1>FALD FEL!<\/h1>\n<p><span class=\"subheading mt0 mb50\">A vertik\u00e1lis farmok vil\u00e1g\u00e1ban a frissess\u00e9g szabadon \u00e1ramlik, az \u00edzek visszat\u00e9rnek.<br \/>\nA szem\u00e9lyre szabott termel\u00e9s miatt mindent \u00e9pp id\u0151ben, j\u00f3 helyen \u00e9s a megfelel\u0151 mennyis\u00e9gben \u00e9rhetsz el.<\/span><\/div><\/div><\/div><\/section>[\/vc_column][\/vc_row][vc_row full_width=&#8221;stretch_row&#8221; disable_element=&#8221;yes&#8221; css=&#8221;.vc_custom_1719647851109{padding-top: 130px !important;background-color: #ffffff !important;}&#8221;][vc_column 0=&#8221;&#8221;]<div class=\"heading black text-center \"><div class=\"heading-title\">Hello There<\/div><h2>We Are Honshi<\/h2><\/div>[\/vc_column][\/vc_row][vc_row full_width=&#8221;stretch_row&#8221; disable_element=&#8221;yes&#8221; css=&#8221;.vc_custom_1719647558685{padding-bottom: 120px !important;background-color: #ffffff !important;}&#8221;][vc_column width=&#8221;1\/6&#8243; offset=&#8221;vc_col-lg-2 vc_col-md-2 vc_col-xs-12&#8243;][\/vc_column][vc_column width=&#8221;1\/6&#8243; offset=&#8221;vc_col-lg-2 vc_col-md-2 vc_col-xs-12&#8243; el_class=&#8221;text-center&#8221; css=&#8221;.vc_custom_1489061192233{border-right-width: 1px !important;border-right-color: rgba(0,0,0,0.1) !important;border-right-style: solid !important;}&#8221;]<div class=\"fact-container black text-center\"><div class=\"fact\"><h2 class=\"counter\">868<\/h2><p>Satisfied Clients<\/p><\/div><\/div>[\/vc_column][vc_column width=&#8221;1\/6&#8243; offset=&#8221;vc_col-lg-2 vc_col-md-2 vc_col-xs-12&#8243; el_class=&#8221;text-center&#8221; css=&#8221;.vc_custom_1489061114779{border-right-width: 1px !important;border-right-color: rgba(0,0,0,0.1) !important;border-right-style: solid !important;}&#8221;]<div class=\"fact-container black text-center\"><div class=\"fact\"><h2 class=\"counter\">385<\/h2><p>Finished Projects<\/p><\/div><\/div>[\/vc_column][vc_column width=&#8221;1\/6&#8243; offset=&#8221;vc_col-lg-2 vc_col-md-2 vc_col-xs-12&#8243; el_class=&#8221;text-center&#8221; css=&#8221;.vc_custom_1489061137331{border-right-width: 1px !important;border-right-color: rgba(0,0,0,0.1) !important;border-right-style: solid !important;}&#8221;]<div class=\"fact-container black text-center\"><div class=\"fact\"><h2 class=\"counter\">9662<\/h2><p>Hours of Work<\/p><\/div><\/div>[\/vc_column][vc_column width=&#8221;1\/6&#8243; offset=&#8221;vc_col-lg-2 vc_col-md-2 vc_col-xs-12&#8243; el_class=&#8221;text-center&#8221;]<div class=\"fact-container black text-center\"><div class=\"fact\"><h2 class=\"counter\">16<\/h2><p>Winning Awards<\/p><\/div><\/div>[\/vc_column][vc_column width=&#8221;1\/6&#8243;][\/vc_column][\/vc_row][vc_row full_width=&#8221;stretch_row&#8221; css=&#8221;.vc_custom_1488900558406{padding-top: 130px !important;background-color: #f7f7f7 !important;}&#8221; el_id=&#8221;services&#8221;][vc_column 0=&#8221;&#8221;]<div class=\"heading black text-center \"><h1 class=\"heading-title\" style=\" font-size:40px;\">HARAPJ A TUTIBA<\/h1><\/div>[\/vc_column][\/vc_row][vc_row full_width=&#8221;stretch_row_content&#8221; css=&#8221;.vc_custom_1719648399331{padding-bottom: 100px !important;background-color: #f7f7f7 !important;}&#8221;][vc_column width=&#8221;1\/5&#8243; offset=&#8221;vc_col-lg-1\/5 vc_col-md-1\/5 vc_col-xs-12&#8243; css=&#8221;.vc_custom_1719647731387{margin-top: 25px !important;margin-bottom: 25px !important;padding-top: 0px !important;padding-bottom: 0px !important;}&#8221;]<style><\/style><div class=\"service-container text-center vc_custom_1720100164736 class-6a005cf695496\"><div class=\"service-icon-button\"><div class=\"service-icon\"><i class=\"far fa-laugh-beam x3\" style=\" color:#ffffff;\"><\/i><\/div><\/div><\/div><div class=\"service-body text-center\"><div class=\"service-title black\"><h3><strong>01<\/strong> JOBB \u00cdZEK<\/h3><\/div><p>A legtiszt\u00e1bb cs\u00facsszezon \u00edzei minden egyes falatban.<\/p><\/div>[\/vc_column][vc_column width=&#8221;1\/5&#8243; offset=&#8221;vc_col-lg-1\/5 vc_col-md-1\/5 vc_col-xs-12&#8243; css=&#8221;.vc_custom_1719647740922{margin-top: 25px !important;margin-bottom: 25px !important;padding-top: 0px !important;padding-bottom: 0px !important;}&#8221;]<style><\/style><div class=\"service-container text-center vc_custom_1720100254064 class-6a005cf695587\"><div class=\"service-icon-button\"><div class=\"service-icon\"><i class=\"fas fa-recycle x3\" style=\" color:#ffffff;\"><\/i><\/div><\/div><\/div><div class=\"service-body text-center\"><div class=\"service-title black\"><h3><strong>02<\/strong> KISEBB PAZARL\u00c1S<\/h3><\/div><p>A belt\u00e9ri vertik\u00e1lis termeszt\u00e9ssel kevesebb f\u00f6ldet \u00e9s 90%-kal kevesebb vizet haszn\u00e1lunk.<\/p><\/div>[\/vc_column][vc_column width=&#8221;1\/5&#8243; offset=&#8221;vc_col-lg-1\/5 vc_col-md-1\/5 vc_col-xs-12&#8243; css=&#8221;.vc_custom_1719647750875{margin-top: 25px !important;margin-bottom: 25px !important;padding-top: 0px !important;padding-bottom: 0px !important;}&#8221;]<style><\/style><div class=\"service-container text-center vc_custom_1720099160431 class-6a005cf6955ec\"><div class=\"service-icon-button\"><div class=\"service-icon\"><i class=\"fas fa-eye x3\" style=\" color:#ffffff;\"><\/i><\/div><\/div><\/div><div class=\"service-body text-center\"><div class=\"service-title black\"><h3><strong>03<\/strong> 100% NYOMONK\u00d6VET\u00c9S<\/h3><\/div><p>Tudjuk hol \u00e9s hogyan terem \u2013 magt\u00f3l a t\u00e1ny\u00e9rig. Mindig.<\/p><\/div>[\/vc_column][vc_column width=&#8221;1\/5&#8243; offset=&#8221;vc_col-lg-1\/5 vc_col-md-1\/5 vc_col-xs-12&#8243; css=&#8221;.vc_custom_1719647810080{margin-top: 25px !important;margin-bottom: 25px !important;padding-top: 0px !important;padding-bottom: 0px !important;}&#8221;]<style><\/style><div class=\"service-container text-center vc_custom_1720100278171 class-6a005cf695643\"><div class=\"service-icon-button\"><div class=\"service-icon\"><i class=\"fas fa-radiation-alt x3\" style=\" color:#ffffff;\"><\/i><\/div><\/div><\/div><div class=\"service-body text-center\"><div class=\"service-title black\"><h3><strong>04<\/strong> Z\u00c9R\u00d3 VEGYSZER<\/h3><\/div><p>Term\u00e9keink n\u00f6v\u00e9nyv\u00e9d\u0151szer-mentesek, ami egyszerre jobb neked \u00e9s a bolyg\u00f3nak.<\/p><\/div>[\/vc_column][vc_column width=&#8221;1\/5&#8243; offset=&#8221;vc_col-lg-1\/5 vc_col-md-1\/5 vc_col-xs-12&#8243; css=&#8221;.vc_custom_1719647829102{margin-top: 25px !important;margin-bottom: 25px !important;padding-top: 0px !important;padding-bottom: 0px !important;}&#8221;]<style><\/style><div class=\"service-container text-center vc_custom_1720100357778 class-6a005cf695696\"><div class=\"service-icon-button\"><div class=\"service-icon\"><i class=\"fas fa-history x3\" style=\" color:#ffffff;\"><\/i><\/div><\/div><\/div><div class=\"service-body text-center\"><div class=\"service-title black\"><h3><strong>05<\/strong> TOV\u00c1BB FRISS<\/h3><\/div><p>Ott termelj\u00fck, ahol el is fogyasztjuk, k\u00f6zel hozz\u00e1d, \u00edgy minden, amit megeszel, frissen sz\u00fcretelt.<\/p><\/div>[\/vc_column][\/vc_row][vc_row full_width=&#8221;stretch_row&#8221; css=&#8221;.vc_custom_1719827275544{padding-top: 130px !important;background-color: #ffffff !important;}&#8221; el_id=&#8221;cofarming&#8221;][vc_column 0=&#8221;&#8221;]<div class=\"heading black text-center  vc_custom_1720100018958\"><div class=\"heading-title\">dacolva az \u00edzek t\u00f6rv\u00e9nyeivel<\/div><h2>coFarming<\/h2><\/div>[vc_column_text css=&#8221;&#8221; el_class=&#8221;center&#8221;]<\/p>\n<div class=\"heading black text-center \">\n<div class=\"heading-title\">T\u00d6BBET KEVESEBBEL? HMMM!<\/div>\n<\/div>\n<p>[\/vc_column_text][\/vc_column][\/vc_row][vc_row full_width=&#8221;stretch_row&#8221; gap=&#8221;10&#8243; equal_height=&#8221;yes&#8221; css=&#8221;.vc_custom_1720099082174{padding-bottom: 10px !important;background-color: #ffffff !important;}&#8221;][vc_column 0=&#8221;&#8221; width=&#8221;1\/3&#8243;][vc_column_text css=&#8221;&#8221;]<\/p>\n<p style=\"font-weight: 400; text-align: center;\">A mikroz\u00f6ldek a z\u00f6lds\u00e9gek legz\u00f6ldebbjei. Roppan\u00f3s harapnival\u00f3k. Okosan \u00e9s kev\u00e9sb\u00e9 pazarl\u00f3 m\u00f3don termesztve az \u00e1t\u00fct\u0151en telt \u00edzek\u00e9rt.<\/p>\n<p style=\"font-weight: 400; text-align: center;\">n\u00f6v\u00e9nyv\u00e9d\u0151szermentes \/ hosszan friss \/ k\u00fcl\u00f6n\u00f6sen \u00edzgazdag<\/p>\n<p>[\/vc_column_text][vc_separator css=&#8221;&#8221;][\/vc_column][vc_column width=&#8221;1\/3&#8243;][vc_single_image image=&#8221;1308&#8243; img_size=&#8221;large&#8221; alignment=&#8221;center&#8221; css=&#8221;&#8221;][\/vc_column][vc_column width=&#8221;1\/3&#8243;][vc_column_text css=&#8221;&#8221;]<\/p>\n<p style=\"font-weight: 400;\">A vertik\u00e1lis gazdas\u00e1gok koncepci\u00f3ja seg\u00edt k\u00f6zelebb hozza az \u00e9lelmiszereket a k\u00f6z\u00f6ss\u00e9gekhez. Nagys\u00e1grendekkel t\u00f6bb term\u00e9nyt termelnek n\u00e9gyzetm\u00e9terenk\u00e9nt az azonos fel\u00fclet\u0171 hagyom\u00e1nyos farmokhoz k\u00e9pest \u2013 ak\u00e1r 100%-ban napenergi\u00e1val de tutira 90%-kal kevesebb v\u00edzzel.<\/p>\n<p>[\/vc_column_text][vc_separator css=&#8221;&#8221;][\/vc_column][\/vc_row][vc_row full_width=&#8221;stretch_row_content&#8221; gap=&#8221;10&#8243; equal_height=&#8221;yes&#8221; css=&#8221;.vc_custom_1720099669954{padding-bottom: 10px !important;background-color: #ffffff !important;}&#8221;][vc_column 0=&#8221;&#8221; width=&#8221;1\/4&#8243; el_class=&#8221;center&#8221;][vc_column_text css=&#8221;&#8221;]<strong>napraforg\u00f3<br \/>\n<\/strong>di\u00f3s roppan\u00f3s b\u00e1rsonyos[\/vc_column_text][\/vc_column][vc_column width=&#8221;1\/4&#8243; el_class=&#8221;center&#8221;][vc_column_text css=&#8221;&#8221;]<strong>bors\u00f3<br \/>\n<\/strong>pimasz \u00f6r\u00f6mteli h\u00edvogat\u00f3[\/vc_column_text][\/vc_column][vc_column width=&#8221;1\/4&#8243; el_class=&#8221;center&#8221;][vc_column_text css=&#8221;&#8221;]<strong>retek<br \/>\n<\/strong>mer\u00e9sz t\u00fczes magabiztos[\/vc_column_text][\/vc_column][vc_column width=&#8221;1\/4&#8243; el_class=&#8221;center&#8221;][vc_column_text css=&#8221;&#8221;]<strong>brokkoli<br \/>\n<\/strong>sokoldal\u00fa h\u00edvogat\u00f3 k\u00f6nnyed[\/vc_column_text][\/vc_column][\/vc_row][vc_row full_width=&#8221;stretch_row&#8221; css=&#8221;.vc_custom_1719829157766{padding-top: 60px !important;padding-bottom: 60px !important;background-color: rgba(0,42,6,0.5) !important;*background-color: rgb(0,42,6) !important;}&#8221;][vc_column offset=&#8221;vc_col-lg-offset-2 vc_col-lg-8 vc_col-md-offset-2 vc_col-md-8 vc_col-xs-12&#8243; el_class=&#8221;white_text&#8221;][vc_column_text css=&#8221;&#8221;]Szia!<\/p>\n<p>Engedd meg, hogy bemutatkozzam, \u00e9n egy <strong>Renard CoFarming<sup>\u00a9<\/sup><\/strong> egys\u00e9g vagyok.<\/p>\n<p>Ezen a f\u00e9l n\u00e9gyzetm\u00e9teren vid\u00e1man megtermelek 43kg friss \u00e9lelmiszert \u00e9vente.<\/p>\n<p>V\u00edzb\u0151l 90%-ot megtakar\u00edtok a k\u00fclt\u00e9ri termeszt\u00e9shez k\u00e9pest.<\/p>\n<p>Z\u00f6lds\u00e9geim nem utaznak napokat \u00e9s nem id\u0151znek logisztikai k\u00f6zpontokban, m\u00edg eljutnak hozz\u00e1d.<\/p>\n<p>Optim\u00e1lis \u00e1llapotukban, sok-sok \u00edzzel, magas t\u00e1p\u00e9rt\u00e9k mellett fogyaszthatod mindazt, amit megtermelek.<\/p>\n<p>A hagyom\u00e1nyos mez\u0151gazdas\u00e1g magasan optimaliz\u00e1lt \u00e9s szuper teljes\u00edtm\u00e9nyt ad. Nem c\u00e9lom, hogy helyettes\u00edtsem, viszont seg\u00edtem \u00e9s kieg\u00e9sz\u00edtem n\u00e9h\u00e1ny fajta termel\u00e9s\u00e9nek \u00e1tv\u00e1llal\u00e1s\u00e1val,<\/p>\n<ul>\n<li>mert bolyg\u00f3nk ter\u00fclet\u00e9nek csak 12%-a m\u0171velhet\u0151;<\/li>\n<li>mert a mez\u0151gazdas\u00e1g fogyasztja az \u00e9desv\u00edzk\u00e9szlet 70%-\u00e1t;<\/li>\n<li>mert a mez\u0151gazdas\u00e1gi termel\u00e9s bocs\u00e1jtja ki az \u00fcvegh\u00e1zhat\u00e1s\u00fa g\u00e1zok 23%-\u00e1t;<\/li>\n<li>mert 2050-re 70%-kal t\u00f6bb \u00e9lelmiszerre lesz sz\u00fcks\u00e9g;<\/li>\n<li>mert term\u0151helyt\u0151l az asztalodig a paradicsom 1,369 m\u00e9rf\u00f6ldet, a sal\u00e1ta 2,055 m\u00e9rf\u00f6ldet utazik.<\/li>\n<\/ul>\n<p>Velem organikus magokb\u00f3l \u00e9s m\u00f3dszerekkel mikroz\u00f6lds\u00e9get termelhetsz, azok k\u00f6z\u00fcl is bors\u00f3t, retket, napraforg\u00f3t \u00e9s brokkolit. A mikroz\u00f6lds\u00e9g vitaminban \u00e9s \u00e9lelmi rostban gazdag, magas t\u00e1p\u00e9rt\u00e9k\u0171, igazi superfood.<\/p>\n<p>Ha gondolod, te is csatlakozhatsz.<\/p>\n<p style=\"text-align: right;\">\u00dcdv<br \/>\n<strong>Renard CoFarming<sup>\u00a9<\/sup><\/strong><\/p>\n<p>[\/vc_column_text][\/vc_column][\/vc_row][vc_row full_width=&#8221;stretch_row&#8221; css=&#8221;.vc_custom_1489064681653{padding-top: 130px !important;padding-bottom: 120px !important;background-color: #ffffff !important;}&#8221; el_id=&#8221;contact&#8221;][vc_column offset=&#8221;vc_col-lg-offset-2 vc_col-lg-8 vc_col-md-offset-2 vc_col-md-8 vc_col-xs-12&#8243; el_class=&#8221;text-center&#8221;]<div class=\"info-contact pb50 text-center m-auto\"><div class=\"number black pb10\"><div class=\"heading-title\">Keress b\u00e1tran!<\/div><\/div><a href=\"#0\"\"><h6><i class=\"fa fa-envelope-o pr5\"><\/i>hello@renard.hu<\/h6><\/a><\/div>\n<div class=\"wpcf7 no-js\" id=\"wpcf7-f5-o1\" lang=\"en-US\" dir=\"ltr\">\n<div class=\"screen-reader-response\"><p role=\"status\" aria-live=\"polite\" aria-atomic=\"true\"><\/p> <ul><\/ul><\/div>\n<form action=\"\/index.php?rest_route=%2Fwp%2Fv2%2Fpages%2F1265#wpcf7-f5-o1\" method=\"post\" class=\"wpcf7-form init\" aria-label=\"Contact form\" novalidate=\"novalidate\" data-status=\"init\">\n<div style=\"display: none;\">\n<input type=\"hidden\" name=\"_wpcf7\" value=\"5\" \/>\n<input type=\"hidden\" name=\"_wpcf7_version\" value=\"5.9.4\" \/>\n<input type=\"hidden\" name=\"_wpcf7_locale\" value=\"en_US\" \/>\n<input type=\"hidden\" name=\"_wpcf7_unit_tag\" value=\"wpcf7-f5-o1\" \/>\n<input type=\"hidden\" name=\"_wpcf7_container_post\" value=\"0\" \/>\n<input type=\"hidden\" name=\"_wpcf7_posted_data_hash\" value=\"\" \/>\n<\/div>\n<p><label> N\u00e9v<br \/>\n<span class=\"wpcf7-form-control-wrap\" data-name=\"your-name\"><input size=\"40\" class=\"wpcf7-form-control wpcf7-text wpcf7-validates-as-required\" autocomplete=\"name\" aria-required=\"true\" aria-invalid=\"false\" value=\"\" type=\"text\" name=\"your-name\" \/><\/span> <\/label>\n<\/p>\n<p><label> E-mail<br \/>\n<span class=\"wpcf7-form-control-wrap\" data-name=\"your-email\"><input size=\"40\" class=\"wpcf7-form-control wpcf7-email wpcf7-validates-as-required wpcf7-text wpcf7-validates-as-email\" autocomplete=\"email\" aria-required=\"true\" aria-invalid=\"false\" value=\"\" type=\"email\" name=\"your-email\" \/><\/span> <\/label>\n<\/p>\n<p><label> \u00dczenet<br \/>\n<span class=\"wpcf7-form-control-wrap\" data-name=\"your-message\"><textarea cols=\"40\" rows=\"10\" class=\"wpcf7-form-control wpcf7-textarea\" aria-invalid=\"false\" name=\"your-message\"><\/textarea><\/span> <\/label>\n<\/p>\n<p><input class=\"wpcf7-form-control wpcf7-submit has-spinner\" type=\"submit\" value=\"Mehet\" \/>\n<\/p><div class=\"wpcf7-response-output\" aria-hidden=\"true\"><\/div>\n<\/form>\n<\/div>\n[\/vc_column][\/vc_row]<\/p>\n<\/div>","protected":false},"excerpt":{"rendered":"<p>[vc_row full_width=&#8221;stretch_row_content_no_spaces&#8221; el_id=&#8221;home&#8221;][vc_column 0=&#8221;&#8221;][\/vc_column][\/vc_row][vc_row full_width=&#8221;stretch_row&#8221; disable_element=&#8221;yes&#8221; css=&#8221;.vc_custom_1719647851109{padding-top: 130px !important;background-color: #ffffff !important;}&#8221;][vc_column 0=&#8221;&#8221;][\/vc_column][\/vc_row][vc_row full_width=&#8221;stretch_row&#8221; disable_element=&#8221;yes&#8221; css=&#8221;.vc_custom_1719647558685{padding-bottom: 120px !important;background-color: #ffffff !important;}&#8221;][vc_column width=&#8221;1\/6&#8243; offset=&#8221;vc_col-lg-2 vc_col-md-2 vc_col-xs-12&#8243;][\/vc_column][vc_column width=&#8221;1\/6&#8243; offset=&#8221;vc_col-lg-2 vc_col-md-2 vc_col-xs-12&#8243; el_class=&#8221;text-center&#8221; css=&#8221;.vc_custom_1489061192233{border-right-width: 1px !important;border-right-color: rgba(0,0,0,0.1) !important;border-right-style: solid !important;}&#8221;][\/vc_column][vc_column width=&#8221;1\/6&#8243; offset=&#8221;vc_col-lg-2 vc_col-md-2 vc_col-xs-12&#8243; el_class=&#8221;text-center&#8221; css=&#8221;.vc_custom_1489061114779{border-right-width: 1px !important;border-right-color: rgba(0,0,0,0.1) !important;border-right-style: solid !important;}&#8221;][\/vc_column][vc_column width=&#8221;1\/6&#8243; offset=&#8221;vc_col-lg-2 vc_col-md-2 vc_col-xs-12&#8243; el_class=&#8221;text-center&#8221; css=&#8221;.vc_custom_1489061137331{border-right-width: 1px !important;border-right-color: [&hellip;]<\/p>\n","protected":false},"author":1,"featured_media":0,"parent":0,"menu_order":0,"comment_status":"open","ping_status":"open","template":"custom-page.php","meta":{"footnotes":""},"_links":{"self":[{"href":"https:\/\/renard.hu\/index.php?rest_route=\/wp\/v2\/pages\/1265"}],"collection":[{"href":"https:\/\/renard.hu\/index.php?rest_route=\/wp\/v2\/pages"}],"about":[{"href":"https:\/\/renard.hu\/index.php?rest_route=\/wp\/v2\/types\/page"}],"author":[{"embeddable":true,"href":"https:\/\/renard.hu\/index.php?rest_route=\/wp\/v2\/users\/1"}],"replies":[{"embeddable":true,"href":"https:\/\/renard.hu\/index.php?rest_route=%2Fwp%2Fv2%2Fcomments&post=1265"}],"version-history":[{"count":61,"href":"https:\/\/renard.hu\/index.php?rest_route=\/wp\/v2\/pages\/1265\/revisions"}],"predecessor-version":[{"id":1344,"href":"https:\/\/renard.hu\/index.php?rest_route=\/wp\/v2\/pages\/1265\/revisions\/1344"}],"wp:attachment":[{"href":"https:\/\/renard.hu\/index.php?rest_route=%2Fwp%2Fv2%2Fmedia&parent=1265"}],"curies":[{"name":"wp","href":"https:\/\/api.w.org\/{rel}","templated":true}]}}